{"id":7,"date":"2025-10-29T22:14:54","date_gmt":"2025-10-29T22:14:54","guid":{"rendered":"http:\/\/142.93.90.63\/?page_id=7"},"modified":"2025-10-31T00:52:35","modified_gmt":"2025-10-31T00:52:35","slug":"home","status":"publish","type":"page","link":"http:\/\/afabec.com.br\/","title":{"rendered":"Home"},"content":{"rendered":"\t\t<div data-elementor-type=\"wp-page\" data-elementor-id=\"7\" class=\"elementor elementor-7\">\n\t\t\t\t<div class=\"elementor-element elementor-element-8653dfd e-con-full e-flex e-con e-parent\" data-id=\"8653dfd\" data-element_type=\"container\" data-settings=\"{&quot;background_background&quot;:&quot;slideshow&quot;,&quot;background_slideshow_gallery&quot;:[{&quot;id&quot;:115,&quot;url&quot;:&quot;http:\\\/\\\/142.93.90.63\\\/wp-content\\\/uploads\\\/2025\\\/10\\\/1000_F_279901729_zTTTBQYmEmvOjq6Nf0jIiWrKIVuTLPJB-e1761788285919.jpg&quot;}],&quot;shape_divider_bottom&quot;:&quot;opacity-tilt&quot;,&quot;background_slideshow_loop&quot;:&quot;yes&quot;,&quot;background_slideshow_slide_duration&quot;:5000,&quot;background_slideshow_slide_transition&quot;:&quot;fade&quot;,&quot;background_slideshow_transition_duration&quot;:500}\">\n\t\t\t\t<div class=\"elementor-shape elementor-shape-bottom\" aria-hidden=\"true\" data-negative=\"false\">\n\t\t\t<svg xmlns=\"http:\/\/www.w3.org\/2000\/svg\" viewBox=\"0 0 2600 131.1\" preserveAspectRatio=\"none\">\n\t<path class=\"elementor-shape-fill\" d=\"M0 0L2600 0 2600 69.1 0 0z\"\/>\n\t<path class=\"elementor-shape-fill\" style=\"opacity:0.5\" d=\"M0 0L2600 0 2600 69.1 0 69.1z\"\/>\n\t<path class=\"elementor-shape-fill\" style=\"opacity:0.25\" d=\"M2600 0L0 0 0 130.1 2600 69.1z\"\/>\n<\/svg>\t\t<\/div>\n\t\t<div class=\"elementor-element elementor-element-2acdb0f e-con-full e-flex e-con e-child\" data-id=\"2acdb0f\" data-element_type=\"container\" data-settings=\"{&quot;background_background&quot;:&quot;classic&quot;}\">\n\t\t\t\t<div class=\"elementor-element elementor-element-c3fa93f elementor-widget elementor-widget-heading\" data-id=\"c3fa93f\" data-element_type=\"widget\" data-widget_type=\"heading.default\">\n\t\t\t\t\t<h3 class=\"elementor-heading-title elementor-size-default\">Central de Atendimento<\/h3>\t\t\t\t<\/div>\n\t\t\t\t<div class=\"elementor-element elementor-element-472abdc elementor-widget elementor-widget-text-editor\" data-id=\"472abdc\" data-element_type=\"widget\" data-widget_type=\"text-editor.default\">\n\t\t\t\t\t\t\t\t\t<p>Atendimento das 8h \u00e0s 17h, de segunda a sexta-feira.<\/p><p>Rua Eduardo Bezerra, n\u00ba 1183, Bairro S\u00e3o Jo\u00e3o do Tauape, CEP 60130-271<\/p>\t\t\t\t\t\t\t\t<\/div>\n\t\t\t\t<div class=\"elementor-element elementor-element-0e8d9f9 elementor-widget elementor-widget-button\" data-id=\"0e8d9f9\" data-element_type=\"widget\" data-widget_type=\"button.default\">\n\t\t\t\t\t\t\t\t\t\t<a class=\"elementor-button elementor-button-link elementor-size-sm\" href=\"https:\/\/wa.me\/5585921943999?text=Ol%C3%A1%2C%20gostaria%20de%20mais%20informa%C3%A7%C3%B5es.\" target=\"_blank\">\n\t\t\t\t\t\t<span class=\"elementor-button-content-wrapper\">\n\t\t\t\t\t\t<span class=\"elementor-button-icon\">\n\t\t\t\t<svg aria-hidden=\"true\" class=\"e-font-icon-svg e-fab-whatsapp\" viewBox=\"0 0 448 512\" xmlns=\"http:\/\/www.w3.org\/2000\/svg\"><path d=\"M380.9 97.1C339 55.1 283.2 32 223.9 32c-122.4 0-222 99.6-222 222 0 39.1 10.2 77.3 29.6 111L0 480l117.7-30.9c32.4 17.7 68.9 27 106.1 27h.1c122.3 0 224.1-99.6 224.1-222 0-59.3-25.2-115-67.1-157zm-157 341.6c-33.2 0-65.7-8.9-94-25.7l-6.7-4-69.8 18.3L72 359.2l-4.4-7c-18.5-29.4-28.2-63.3-28.2-98.2 0-101.7 82.8-184.5 184.6-184.5 49.3 0 95.6 19.2 130.4 54.1 34.8 34.9 56.2 81.2 56.1 130.5 0 101.8-84.9 184.6-186.6 184.6zm101.2-138.2c-5.5-2.8-32.8-16.2-37.9-18-5.1-1.9-8.8-2.8-12.5 2.8-3.7 5.6-14.3 18-17.6 21.8-3.2 3.7-6.5 4.2-12 1.4-32.6-16.3-54-29.1-75.5-66-5.7-9.8 5.7-9.1 16.3-30.3 1.8-3.7.9-6.9-.5-9.7-1.4-2.8-12.5-30.1-17.1-41.2-4.5-10.8-9.1-9.3-12.5-9.5-3.2-.2-6.9-.2-10.6-.2-3.7 0-9.7 1.4-14.8 6.9-5.1 5.6-19.4 19-19.4 46.3 0 27.3 19.9 53.7 22.6 57.4 2.8 3.7 39.1 59.7 94.8 83.8 35.2 15.2 49 16.5 66.6 13.9 10.7-1.6 32.8-13.4 37.4-26.4 4.6-13 4.6-24.1 3.2-26.4-1.3-2.5-5-3.9-10.5-6.6z\"><\/path><\/svg>\t\t\t<\/span>\n\t\t\t\t\t\t\t\t\t<span class=\"elementor-button-text\">Fale Conosco<\/span>\n\t\t\t\t\t<\/span>\n\t\t\t\t\t<\/a>\n\t\t\t\t\t\t\t\t<\/div>\n\t\t\t\t<\/div>\n\t\t\t\t<\/div>\n\t\t<div class=\"elementor-element elementor-element-be06f0f e-flex e-con-boxed e-con e-parent\" data-id=\"be06f0f\" data-element_type=\"container\">\n\t\t\t\t\t<div class=\"e-con-inner\">\n\t\t\t\t<div class=\"elementor-element elementor-element-50e5755 elementor-widget elementor-widget-menu-anchor\" data-id=\"50e5755\" data-element_type=\"widget\" data-widget_type=\"menu-anchor.default\">\n\t\t\t\t\t\t\t<div class=\"elementor-menu-anchor\" id=\"sobre\"><\/div>\n\t\t\t\t\t\t<\/div>\n\t\t\t\t<div class=\"elementor-element elementor-element-1dbb816 elementor-widget elementor-widget-spacer\" data-id=\"1dbb816\" data-element_type=\"widget\" data-widget_type=\"spacer.default\">\n\t\t\t\t\t\t\t<div class=\"elementor-spacer\">\n\t\t\t<div class=\"elementor-spacer-inner\"><\/div>\n\t\t<\/div>\n\t\t\t\t\t\t<\/div>\n\t\t\t\t<div class=\"elementor-element elementor-element-71e59e5 elementor-widget elementor-widget-heading\" data-id=\"71e59e5\" data-element_type=\"widget\" data-widget_type=\"heading.default\">\n\t\t\t\t\t<h2 class=\"elementor-heading-title elementor-size-default\">Sobre N\u00f3s<\/h2>\t\t\t\t<\/div>\n\t\t\t\t<div class=\"elementor-element elementor-element-ebff561 elementor-widget elementor-widget-text-editor\" data-id=\"ebff561\" data-element_type=\"widget\" data-widget_type=\"text-editor.default\">\n\t\t\t\t\t\t\t\t\t<p data-start=\"438\" data-end=\"728\">A <strong data-start=\"440\" data-end=\"526\">AFABEC \u2013 Associa\u00e7\u00e3o dos Funcion\u00e1rios Aposentados do Banco do Estado do Cear\u00e1 (BEC)<\/strong> \u00e9 uma entidade <strong data-start=\"542\" data-end=\"565\">sem fins lucrativos<\/strong>, fundada em <strong data-start=\"578\" data-end=\"601\">09 de abril de 1989<\/strong>, com o prop\u00f3sito de fortalecer os la\u00e7os de amizade e conviv\u00eancia entre os <strong data-start=\"676\" data-end=\"725\">funcion\u00e1rios aposentados do ex-BEC e da CABEC<\/strong>.<\/p><p data-start=\"730\" data-end=\"932\">Desde sua cria\u00e7\u00e3o, a AFABEC promove <strong data-start=\"766\" data-end=\"825\">atividades culturais, art\u00edsticas, esportivas e de lazer<\/strong>, oferecendo aos seus associados momentos de integra\u00e7\u00e3o, bem-estar e celebra\u00e7\u00e3o da nossa hist\u00f3ria em comum.<\/p><p data-start=\"934\" data-end=\"1103\">A entidade \u00e9 administrada por uma <strong data-start=\"968\" data-end=\"1008\">diretoria composta por cinco membros<\/strong>, eleitos para um <strong data-start=\"1026\" data-end=\"1050\">mandato de dois anos<\/strong>, com possibilidade de reelei\u00e7\u00e3o por igual per\u00edodo.<\/p><p data-start=\"1105\" data-end=\"1375\">Com a <strong data-start=\"1111\" data-end=\"1139\">reativa\u00e7\u00e3o do nosso site<\/strong>, buscamos criar <strong data-start=\"1156\" data-end=\"1200\">um novo canal de comunica\u00e7\u00e3o e intera\u00e7\u00e3o<\/strong> entre os associados e a diretoria. Aqui, voc\u00ea pode entrar em contato com a associa\u00e7\u00e3o, enviar mensagens, compartilhar sugest\u00f5es e ficar por dentro das nossas a\u00e7\u00f5es e eventos.<\/p><p data-start=\"1377\" data-end=\"1554\">Contamos com o apoio e a participa\u00e7\u00e3o de todos para que este espa\u00e7o se torne um <strong data-start=\"1457\" data-end=\"1486\">ponto de encontro digital<\/strong> da nossa comunidade, fortalecendo ainda mais os la\u00e7os que nos unem.<\/p>\t\t\t\t\t\t\t\t<\/div>\n\t\t\t\t<div class=\"elementor-element elementor-element-262a496 elementor-widget elementor-widget-spacer\" data-id=\"262a496\" data-element_type=\"widget\" data-widget_type=\"spacer.default\">\n\t\t\t\t\t\t\t<div class=\"elementor-spacer\">\n\t\t\t<div class=\"elementor-spacer-inner\"><\/div>\n\t\t<\/div>\n\t\t\t\t\t\t<\/div>\n\t\t\t\t\t<\/div>\n\t\t\t\t<\/div>\n\t\t<div class=\"elementor-element elementor-element-b52ec47 e-flex e-con-boxed e-con e-parent\" data-id=\"b52ec47\" data-element_type=\"container\" data-settings=\"{&quot;background_background&quot;:&quot;classic&quot;,&quot;shape_divider_top&quot;:&quot;opacity-tilt&quot;}\">\n\t\t\t\t\t<div class=\"e-con-inner\">\n\t\t\t\t<div class=\"elementor-shape elementor-shape-top\" aria-hidden=\"true\" data-negative=\"false\">\n\t\t\t<svg xmlns=\"http:\/\/www.w3.org\/2000\/svg\" viewBox=\"0 0 2600 131.1\" preserveAspectRatio=\"none\">\n\t<path class=\"elementor-shape-fill\" d=\"M0 0L2600 0 2600 69.1 0 0z\"\/>\n\t<path class=\"elementor-shape-fill\" style=\"opacity:0.5\" d=\"M0 0L2600 0 2600 69.1 0 69.1z\"\/>\n\t<path class=\"elementor-shape-fill\" style=\"opacity:0.25\" d=\"M2600 0L0 0 0 130.1 2600 69.1z\"\/>\n<\/svg>\t\t<\/div>\n\t\t\t\t<div class=\"elementor-element elementor-element-7b8a5a7 elementor-widget elementor-widget-menu-anchor\" data-id=\"7b8a5a7\" data-element_type=\"widget\" data-widget_type=\"menu-anchor.default\">\n\t\t\t\t\t\t\t<div class=\"elementor-menu-anchor\" id=\"eventos\"><\/div>\n\t\t\t\t\t\t<\/div>\n\t\t\t\t<div class=\"elementor-element elementor-element-2fd9c53 elementor-widget elementor-widget-spacer\" data-id=\"2fd9c53\" data-element_type=\"widget\" data-widget_type=\"spacer.default\">\n\t\t\t\t\t\t\t<div class=\"elementor-spacer\">\n\t\t\t<div class=\"elementor-spacer-inner\"><\/div>\n\t\t<\/div>\n\t\t\t\t\t\t<\/div>\n\t\t\t\t<div class=\"elementor-element elementor-element-de94e2b elementor-widget elementor-widget-heading\" data-id=\"de94e2b\" data-element_type=\"widget\" data-widget_type=\"heading.default\">\n\t\t\t\t\t<h2 class=\"elementor-heading-title elementor-size-default\">Nossos Eventos<\/h2>\t\t\t\t<\/div>\n\t\t<div class=\"elementor-element elementor-element-cff3ae6 e-con-full e-flex e-con e-child\" data-id=\"cff3ae6\" data-element_type=\"container\" data-settings=\"{&quot;background_background&quot;:&quot;classic&quot;}\">\n\t\t\t\t<div class=\"elementor-element elementor-element-cfd77e6 elementor-widget elementor-widget-heading\" data-id=\"cfd77e6\" data-element_type=\"widget\" data-widget_type=\"heading.default\">\n\t\t\t\t\t<h4 class=\"elementor-heading-title elementor-size-default\">Confraterniza\u00e7\u00e3o de final de ano - 2025<\/h4>\t\t\t\t<\/div>\n\t\t\t\t<div class=\"elementor-element elementor-element-f18aba2 elementor-widget elementor-widget-text-editor\" data-id=\"f18aba2\" data-element_type=\"widget\" data-widget_type=\"text-editor.default\">\n\t\t\t\t\t\t\t\t\t<p><strong>Data: 19\/12\/2025<\/strong><br \/><strong>Hor\u00e1rio de In\u00edcio: 19:30<\/strong><\/p>\t\t\t\t\t\t\t\t<\/div>\n\t\t\t\t<div class=\"elementor-element elementor-element-62e8338 elementor-widget elementor-widget-button\" data-id=\"62e8338\" data-element_type=\"widget\" data-widget_type=\"button.default\">\n\t\t\t\t\t\t\t\t\t\t<a class=\"elementor-button elementor-button-link elementor-size-sm\" href=\"http:\/\/checkinafabec.com.br\/\" target=\"_blank\">\n\t\t\t\t\t\t<span class=\"elementor-button-content-wrapper\">\n\t\t\t\t\t\t\t\t\t<span class=\"elementor-button-text\">Realizar Checkin<\/span>\n\t\t\t\t\t<\/span>\n\t\t\t\t\t<\/a>\n\t\t\t\t\t\t\t\t<\/div>\n\t\t\t\t<\/div>\n\t\t\t\t<div class=\"elementor-element elementor-element-3c65623 elementor-widget elementor-widget-spacer\" data-id=\"3c65623\" data-element_type=\"widget\" data-widget_type=\"spacer.default\">\n\t\t\t\t\t\t\t<div class=\"elementor-spacer\">\n\t\t\t<div class=\"elementor-spacer-inner\"><\/div>\n\t\t<\/div>\n\t\t\t\t\t\t<\/div>\n\t\t\t\t\t<\/div>\n\t\t\t\t<\/div>\n\t\t\t\t<\/div>\n\t\t","protected":false},"excerpt":{"rendered":"<p>Central de Atendimento Atendimento das 8h \u00e0s 17h, de segunda a sexta-feira. Rua Eduardo Bezerra, n\u00ba 1183, Bairro S\u00e3o Jo\u00e3o do Tauape, CEP 60130-271 Fale Conosco Sobre N\u00f3s A AFABEC \u2013 Associa\u00e7\u00e3o dos Funcion\u00e1rios Aposentados do Banco do Estado do Cear\u00e1 (BEC) \u00e9 uma entidade sem fins lucrativos, fundada em 09 de abril de 1989, [&hellip;]<\/p>\n","protected":false},"author":1,"featured_media":0,"parent":0,"menu_order":0,"comment_status":"closed","ping_status":"closed","template":"elementor_header_footer","meta":{"footnotes":""},"class_list":["post-7","page","type-page","status-publish","hentry"],"_links":{"self":[{"href":"http:\/\/afabec.com.br\/index.php\/wp-json\/wp\/v2\/pages\/7","targetHints":{"allow":["GET"]}}],"collection":[{"href":"http:\/\/afabec.com.br\/index.php\/wp-json\/wp\/v2\/pages"}],"about":[{"href":"http:\/\/afabec.com.br\/index.php\/wp-json\/wp\/v2\/types\/page"}],"author":[{"embeddable":true,"href":"http:\/\/afabec.com.br\/index.php\/wp-json\/wp\/v2\/users\/1"}],"replies":[{"embeddable":true,"href":"http:\/\/afabec.com.br\/index.php\/wp-json\/wp\/v2\/comments?post=7"}],"version-history":[{"count":122,"href":"http:\/\/afabec.com.br\/index.php\/wp-json\/wp\/v2\/pages\/7\/revisions"}],"predecessor-version":[{"id":244,"href":"http:\/\/afabec.com.br\/index.php\/wp-json\/wp\/v2\/pages\/7\/revisions\/244"}],"wp:attachment":[{"href":"http:\/\/afabec.com.br\/index.php\/wp-json\/wp\/v2\/media?parent=7"}],"curies":[{"name":"wp","href":"https:\/\/api.w.org\/{rel}","templated":true}]}}